{"id":1522,"date":"2017-05-26T11:40:48","date_gmt":"2017-05-26T09:40:48","guid":{"rendered":"https:\/\/www.viniborin.it\/?page_id=1522\/"},"modified":"2017-06-27T11:31:21","modified_gmt":"2017-06-27T09:31:21","slug":"der-empfang","status":"publish","type":"page","link":"https:\/\/www.viniborin.it\/de\/der-empfang\/","title":{"rendered":"Der Empfang"},"content":{"rendered":"\n<style type=\"text\/css\" data-created_by=\"avia_inline_auto\" id=\"style-css-av-av_section-43fc1f8351b395bb98604611786318ca\">\n.avia-section.av-av_section-43fc1f8351b395bb98604611786318ca{\nbackground-repeat:no-repeat;\nbackground-image:url(https:\/\/www.viniborin.it\/wp-content\/uploads\/2017\/04\/bg_accoglienza.jpg);\nbackground-position:50% 50%;\nbackground-attachment:scroll;\n}\n<\/style>\n<div id='av_section_1'  class='avia-section av-av_section-43fc1f8351b395bb98604611786318ca main_color avia-section-huge avia-no-border-styling  avia-builder-el-0  el_before_av_one_full  avia-builder-el-first  avia-full-stretch avia-bg-style-scroll av-minimum-height av-minimum-height-25 av-height-25  container_wrap sidebar_right'  data-section-bg-repeat='stretch' data-av_minimum_height_pc='25' data-av_min_height_opt='25'><div class='container av-section-cont-open' ><main  role=\"main\" itemprop=\"mainContentOfPage\"  class='template-page content  av-content-small alpha units'><div class='post-entry post-entry-type-page post-entry-1522'><div class='entry-content-wrapper clearfix'><\/div><\/div><\/main><!-- close content main element --><\/div><\/div><div id='after_section_1'  class='main_color av_default_container_wrap container_wrap sidebar_right'  ><div class='container av-section-cont-open' ><div class='template-page content  av-content-small alpha units'><div class='post-entry post-entry-type-page post-entry-1522'><div class='entry-content-wrapper clearfix'>\n\n<style type=\"text\/css\" data-created_by=\"avia_inline_auto\" id=\"style-css-av-av_one_full-6126cab7d8fab8d08143dd2dacdf673c\">\n.flex_column.av-av_one_full-6126cab7d8fab8d08143dd2dacdf673c{\nborder-radius:0px 0px 0px 0px;\npadding:0px 0px 0px 0px;\n}\n<\/style>\n<div  class='flex_column av-av_one_full-6126cab7d8fab8d08143dd2dacdf673c av_one_full  avia-builder-el-1  el_after_av_section  el_before_av_hr  avia-builder-el-first  first flex_column_div av-zero-column-padding  '     ><p>\n<style type=\"text\/css\" data-created_by=\"avia_inline_auto\" id=\"style-css-av-av_hr-52b99614f1db0890c6e11e182627758b\">\n#top .hr.hr-invisible.av-av_hr-52b99614f1db0890c6e11e182627758b{\nheight:20px;\n}\n<\/style>\n<div  class='hr av-av_hr-52b99614f1db0890c6e11e182627758b hr-invisible  avia-builder-el-2  el_before_av_heading  avia-builder-el-first '><span class='hr-inner '><span class=\"hr-inner-style\"><\/span><\/span><\/div><br \/>\n\n<style type=\"text\/css\" data-created_by=\"avia_inline_auto\" id=\"style-css-av-av_heading-53f654813dfa17a1533f61a4ad343c90\">\n#top .av-special-heading.av-av_heading-53f654813dfa17a1533f61a4ad343c90{\npadding-bottom:0;\n}\nbody .av-special-heading.av-av_heading-53f654813dfa17a1533f61a4ad343c90 .av-special-heading-tag .heading-char{\nfont-size:25px;\n}\n.av-special-heading.av-av_heading-53f654813dfa17a1533f61a4ad343c90 .av-subheading{\nfont-size:15px;\n}\n<\/style>\n<div  class='av-special-heading av-av_heading-53f654813dfa17a1533f61a4ad343c90 av-special-heading-h1  avia-builder-el-3  el_after_av_hr  avia-builder-el-last '><h1 class='av-special-heading-tag '  itemprop=\"headline\"  >DER EMPFANG<\/h1><div class=\"special-heading-border\"><div class=\"special-heading-inner-border\"><\/div><\/div><\/div><\/p><\/div>\n<style type=\"text\/css\" data-created_by=\"avia_inline_auto\" id=\"style-css-av-av_hr-0645478af54715b75905f78d46849be0\">\n#top .hr.hr-invisible.av-av_hr-0645478af54715b75905f78d46849be0{\nheight:50px;\n}\n<\/style>\n<div  class='hr av-av_hr-0645478af54715b75905f78d46849be0 hr-invisible  avia-builder-el-4  el_after_av_one_full  el_before_av_one_half '><span class='hr-inner '><span class=\"hr-inner-style\"><\/span><\/span><\/div><\/p>\n\n<style type=\"text\/css\" data-created_by=\"avia_inline_auto\" id=\"style-css-av-av_one_half-6126cab7d8fab8d08143dd2dacdf673c\">\n.flex_column.av-av_one_half-6126cab7d8fab8d08143dd2dacdf673c{\nborder-radius:0px 0px 0px 0px;\npadding:0px 0px 0px 0px;\n}\n<\/style>\n<div  class='flex_column av-av_one_half-6126cab7d8fab8d08143dd2dacdf673c av_one_half  avia-builder-el-5  el_after_av_hr  el_before_av_one_half  first flex_column_div av-zero-column-padding  '     ><style type=\"text\/css\" data-created_by=\"avia_inline_auto\" id=\"style-css-av-av_image-400cb646c0f1611518f53ddae58b2df1\">\n.avia-image-container.av-av_image-400cb646c0f1611518f53ddae58b2df1 img.avia_image{\nbox-shadow:none;\n}\n.avia-image-container.av-av_image-400cb646c0f1611518f53ddae58b2df1 .av-image-caption-overlay-center{\ncolor:#ffffff;\n}\n<\/style>\n<div  class='avia-image-container av-av_image-400cb646c0f1611518f53ddae58b2df1 av-styling- av-hover-grow avia_animated_image av-animated-when-visible-95 top-to-bottom avia-align-center  avia-builder-el-6  avia-builder-el-no-sibling '   itemprop=\"image\" itemscope=\"itemscope\" itemtype=\"https:\/\/schema.org\/ImageObject\" ><div class=\"avia-image-container-inner\"><div class=\"avia-image-overlay-wrap\"><img decoding=\"async\" fetchpriority=\"high\" class='wp-image-651 avia-img-lazy-loading-not-651 avia_image ' src=\"https:\/\/www.viniborin.it\/wp-content\/uploads\/2017\/04\/bg_contatti-1030x667.jpg\" alt='' title='bg_contatti'  height=\"667\" width=\"1030\"  itemprop=\"thumbnailUrl\" srcset=\"https:\/\/www.viniborin.it\/wp-content\/uploads\/2017\/04\/bg_contatti-1030x667.jpg 1030w, https:\/\/www.viniborin.it\/wp-content\/uploads\/2017\/04\/bg_contatti-315x204.jpg 315w, https:\/\/www.viniborin.it\/wp-content\/uploads\/2017\/04\/bg_contatti-768x498.jpg 768w, https:\/\/www.viniborin.it\/wp-content\/uploads\/2017\/04\/bg_contatti-1500x972.jpg 1500w, https:\/\/www.viniborin.it\/wp-content\/uploads\/2017\/04\/bg_contatti-705x457.jpg 705w, https:\/\/www.viniborin.it\/wp-content\/uploads\/2017\/04\/bg_contatti-450x292.jpg 450w, https:\/\/www.viniborin.it\/wp-content\/uploads\/2017\/04\/bg_contatti-300x194.jpg 300w\" sizes=\"(max-width: 1030px) 100vw, 1030px\" \/><\/div><\/div><\/div><\/div>\n\n<style type=\"text\/css\" data-created_by=\"avia_inline_auto\" id=\"style-css-av-av_one_half-0aa7055fe62c3622faec82866afbaeb2\">\n.flex_column.av-av_one_half-0aa7055fe62c3622faec82866afbaeb2{\nborder-radius:0px 0px 0px 0px;\npadding:0px 0px 0px 0px;\n}\n<\/style>\n<div  class='flex_column av-av_one_half-0aa7055fe62c3622faec82866afbaeb2 av_one_half  avia-builder-el-7  el_after_av_one_half  el_before_av_hr  flex_column_div av-zero-column-padding  '     ><section  class='av_textblock_section av-av_textblock-6c1e50de12b20b21b9c05228a0fa40b9 '   itemscope=\"itemscope\" itemtype=\"https:\/\/schema.org\/CreativeWork\" ><div class='avia_textblock m-top titoloDroind'  itemprop=\"text\" ><p class=\"Standard\" style=\"text-align: center;\"><span lang=\"DE\">Die Weinkellerei in Monticelli ist f\u00fcr die Kunden zur Verkostung der Weine und f\u00fcr eine F\u00fchrung durch die Kellerei ge\u00f6ffnet. Die <span style=\"font-size: 32px;\">Familie Borin <\/span>und ihre Mitarbeiter freuen sich den Besuchern ihre Produkte vorstellen zu k\u00f6nnen und sie in die <span style=\"font-size: 32px;\">Besonderheiten des Euganeischen Terroirs<\/span> einzuweihen.<\/span><\/p>\n<p class=\"Standard\" style=\"text-align: center;\"><span lang=\"DE\">\u00a0Knapp \u00fcber dem Zentrum von <span style=\"font-size: 32px;\">Arqu\u00e0 Petrarca<\/span>, aber in der Ruhe und Idylle einer Landschaft die von Weinbergen und Olivenb\u00e4umen umgeben ist, organisiert die Familie Borin Veranstaltungen die dem Wein und dem Gebiet gewidmet sind, in gem\u00fctlichen R\u00e4umlichkeiten, mit Blick auf die bezaubernden H\u00fcgel und das historische Dorf.<\/span><\/p>\n<\/div><\/section><\/div>\n<style type=\"text\/css\" data-created_by=\"avia_inline_auto\" id=\"style-css-av-av_hr-0645478af54715b75905f78d46849be0\">\n#top .hr.hr-invisible.av-av_hr-0645478af54715b75905f78d46849be0{\nheight:50px;\n}\n<\/style>\n<div  class='hr av-av_hr-0645478af54715b75905f78d46849be0 hr-invisible  avia-builder-el-9  el_after_av_one_half  el_before_av_icon_box '><span class='hr-inner '><span class=\"hr-inner-style\"><\/span><\/span><\/div><\/p>\n<article  class='iconbox iconbox_top av-av_icon_box-dfb152bd33d6f45e2cfc5369632120b4  avia-builder-el-10  el_after_av_hr  el_before_av_section  avia-builder-el-last  main_color'  itemscope=\"itemscope\" itemtype=\"https:\/\/schema.org\/CreativeWork\" ><div class=\"iconbox_content\"><header class=\"entry-content-header\" aria-label=\"Icon: \u00d6FFNUNGSZEITEN UNSERER VERKAUFSSTELLE \"><div class='iconbox_icon heading-color avia-iconfont avia-font-entypo-fontello' data-av_icon='\ue81e' data-av_iconfont='entypo-fontello'  ><\/div><h3 class='iconbox_content_title '  itemprop=\"headline\" >\u00d6FFNUNGSZEITEN UNSERER VERKAUFSSTELLE <\/h3><\/header><div class='iconbox_content_container '  itemprop=\"text\" ><p style=\"text-align: center;\">Montag-Freitag 9.00-12.00 \/ 14.00-18.00<br \/>\nSamstag 9.00-12.00 \/ 14.00-17.00<br \/>\nSonntag geschlossen<\/p>\n<\/div><\/div><footer class=\"entry-footer\"><\/footer><\/article>\n<\/div><\/div><\/div><!-- close content main div --><\/div><\/div><div id='av_section_2'  class='avia-section av-av_section-31b18968fdb96ead2773720a5395bd14 main_color avia-section-default avia-no-border-styling  avia-builder-el-11  el_after_av_icon_box  avia-builder-el-last  avia-bg-style-scroll container_wrap sidebar_right'  ><div class='container av-section-cont-open' ><div class='template-page content  av-content-small alpha units'><div class='post-entry post-entry-type-page post-entry-1522'><div class='entry-content-wrapper clearfix'><\/div><\/div><\/div><!-- close content main div --><\/div><\/div><div id='after_section_2'  class='main_color av_default_container_wrap container_wrap sidebar_right'  ><div class='container av-section-cont-open' ><div class='template-page content  av-content-small alpha units'><div class='post-entry post-entry-type-page post-entry-1522'><div class='entry-content-wrapper clearfix'>\n","protected":false},"excerpt":{"rendered":"<p>Die Weinkellerei in Monticelli ist f\u00fcr die Kunden zur Verkostung der Weine und f\u00fcr eine F\u00fchrung durch die Kellerei ge\u00f6ffnet. Die Familie Borin und ihre Mitarbeiter freuen sich den Besuchern ihre Produkte vorstellen zu k\u00f6nnen<\/p>\n","protected":false},"author":1,"featured_media":0,"parent":0,"menu_order":0,"comment_status":"closed","ping_status":"closed","template":"","meta":{"_monsterinsights_skip_tracking":false,"_monsterinsights_sitenote_active":false,"_monsterinsights_sitenote_note":"","_monsterinsights_sitenote_category":0,"footnotes":""},"class_list":["post-1522","page","type-page","status-publish","hentry"],"_links":{"self":[{"href":"https:\/\/www.viniborin.it\/de\/wp-json\/wp\/v2\/pages\/1522","targetHints":{"allow":["GET"]}}],"collection":[{"href":"https:\/\/www.viniborin.it\/de\/wp-json\/wp\/v2\/pages"}],"about":[{"href":"https:\/\/www.viniborin.it\/de\/wp-json\/wp\/v2\/types\/page"}],"author":[{"embeddable":true,"href":"https:\/\/www.viniborin.it\/de\/wp-json\/wp\/v2\/users\/1"}],"replies":[{"embeddable":true,"href":"https:\/\/www.viniborin.it\/de\/wp-json\/wp\/v2\/comments?post=1522"}],"version-history":[{"count":0,"href":"https:\/\/www.viniborin.it\/de\/wp-json\/wp\/v2\/pages\/1522\/revisions"}],"wp:attachment":[{"href":"https:\/\/www.viniborin.it\/de\/wp-json\/wp\/v2\/media?parent=1522"}],"curies":[{"name":"wp","href":"https:\/\/api.w.org\/{rel}","templated":true}]}}