{"id":1500,"date":"2017-05-26T10:55:38","date_gmt":"2017-05-26T08:55:38","guid":{"rendered":"https:\/\/www.viniborin.it\/?page_id=1500\/"},"modified":"2017-06-27T11:26:55","modified_gmt":"2017-06-27T09:26:55","slug":"das-gebiet","status":"publish","type":"page","link":"https:\/\/www.viniborin.it\/de\/das-gebiet\/","title":{"rendered":"Das Gebiet"},"content":{"rendered":"\n<style type=\"text\/css\" data-created_by=\"avia_inline_auto\" id=\"style-css-av-av_section-bd063eecabb648d0a5d36c048dfe9d6b\">\n.avia-section.av-av_section-bd063eecabb648d0a5d36c048dfe9d6b{\nbackground-repeat:no-repeat;\nbackground-image:url(https:\/\/www.viniborin.it\/wp-content\/uploads\/2017\/04\/bg_territorio-2.jpg);\nbackground-position:50% 0%;\nbackground-attachment:scroll;\n}\n<\/style>\n<div id='av_section_1'  class='avia-section av-av_section-bd063eecabb648d0a5d36c048dfe9d6b main_color avia-section-huge avia-no-border-styling  avia-builder-el-0  el_before_av_section  avia-builder-el-first  avia-full-stretch avia-bg-style-scroll av-minimum-height av-minimum-height-25 av-height-25  container_wrap sidebar_right'  data-section-bg-repeat='stretch' data-av_minimum_height_pc='25' data-av_min_height_opt='25'><div class='container av-section-cont-open' ><main  role=\"main\" itemprop=\"mainContentOfPage\"  class='template-page content  av-content-small alpha units'><div class='post-entry post-entry-type-page post-entry-1500'><div class='entry-content-wrapper clearfix'>\n<\/div><\/div><\/main><!-- close content main element --><\/div><\/div>\n<style type=\"text\/css\" data-created_by=\"avia_inline_auto\" id=\"style-css-av-av_section-927fc0f18b7311096cbcd006e0702692\">\n.avia-section.av-av_section-927fc0f18b7311096cbcd006e0702692 .av-extra-border-element .av-extra-border-inner{\nbackground-color:#ffffff;\n}\n<\/style>\n<div id='av_section_2'  class='avia-section av-av_section-927fc0f18b7311096cbcd006e0702692 main_color avia-section-default avia-no-border-styling  avia-builder-el-1  el_after_av_section  el_before_av_section  avia-bg-style-scroll av-arrow-down-section container_wrap sidebar_right'  ><div class='container av-section-cont-open' ><div class='template-page content  av-content-small alpha units'><div class='post-entry post-entry-type-page post-entry-1500'><div class='entry-content-wrapper clearfix'>\n\n<style type=\"text\/css\" data-created_by=\"avia_inline_auto\" id=\"style-css-av-av_heading-840fa5f807325fa10e8b83d7298c0677\">\n#top .av-special-heading.av-av_heading-840fa5f807325fa10e8b83d7298c0677{\npadding-bottom:0;\n}\nbody .av-special-heading.av-av_heading-840fa5f807325fa10e8b83d7298c0677 .av-special-heading-tag .heading-char{\nfont-size:25px;\n}\n.av-special-heading.av-av_heading-840fa5f807325fa10e8b83d7298c0677 .av-subheading{\nfont-size:15px;\n}\n<\/style>\n<div  class='av-special-heading av-av_heading-840fa5f807325fa10e8b83d7298c0677 av-special-heading-h1  avia-builder-el-2  avia-builder-el-no-sibling '><h1 class='av-special-heading-tag '  itemprop=\"headline\"  >DAS GEBIET<\/h1><div class=\"special-heading-border\"><div class=\"special-heading-inner-border\"><\/div><\/div><\/div>\n\n<\/div><\/div><\/div><!-- close content main div --><\/div><div class='av-extra-border-element border-extra-arrow-down'><div class='av-extra-border-outer'><div class='av-extra-border-inner'><\/div><\/div><\/div><\/div>\n<style type=\"text\/css\" data-created_by=\"avia_inline_auto\" id=\"style-css-av-av_section-5fb79469662173a622b8765c6061d456\">\n.avia-section.av-av_section-5fb79469662173a622b8765c6061d456{\nbackground-color:#f4f4f4;\nbackground-image:unset;\n}\n<\/style>\n<div id='av_section_3'  class='avia-section av-av_section-5fb79469662173a622b8765c6061d456 main_color avia-section-default avia-no-border-styling  avia-builder-el-3  el_after_av_section  el_before_av_hr  avia-bg-style-scroll container_wrap sidebar_right'  ><div class='container av-section-cont-open' ><div class='template-page content  av-content-small alpha units'><div class='post-entry post-entry-type-page post-entry-1500'><div class='entry-content-wrapper clearfix'>\n\n<style type=\"text\/css\" data-created_by=\"avia_inline_auto\" id=\"style-css-av-av_one_full-6126cab7d8fab8d08143dd2dacdf673c\">\n.flex_column.av-av_one_full-6126cab7d8fab8d08143dd2dacdf673c{\nborder-radius:0px 0px 0px 0px;\npadding:0px 0px 0px 0px;\n}\n<\/style>\n<div  class='flex_column av-av_one_full-6126cab7d8fab8d08143dd2dacdf673c av_one_full  avia-builder-el-4  avia-builder-el-no-sibling  first flex_column_div av-zero-column-padding  '     ><p>\n<style type=\"text\/css\" data-created_by=\"avia_inline_auto\" id=\"style-css-av-av_heading-58ac65b03d1df2c660a3bfe70e6424ca\">\n#top .av-special-heading.av-av_heading-58ac65b03d1df2c660a3bfe70e6424ca{\npadding-bottom:10px;\n}\nbody .av-special-heading.av-av_heading-58ac65b03d1df2c660a3bfe70e6424ca .av-special-heading-tag .heading-char{\nfont-size:25px;\n}\n.av-special-heading.av-av_heading-58ac65b03d1df2c660a3bfe70e6424ca .av-subheading{\nfont-size:15px;\n}\n<\/style>\n<div  class='av-special-heading av-av_heading-58ac65b03d1df2c660a3bfe70e6424ca av-special-heading-h2 blockquote modern-quote modern-centered  avia-builder-el-5  el_before_av_textblock  avia-builder-el-first  titoloDroind'><h2 class='av-special-heading-tag '  itemprop=\"headline\"  >DIE EUGANEISCHEN H\u00dcGEL<\/h2><div class=\"special-heading-border\"><div class=\"special-heading-inner-border\"><\/div><\/div><\/div><br \/>\n<section  class='av_textblock_section av-av_textblock-283972ea15f2e73870c23e2d6de3245d '   itemscope=\"itemscope\" itemtype=\"https:\/\/schema.org\/CreativeWork\" ><div class='avia_textblock'  itemprop=\"text\" ><p style=\"text-align: center;\">Der Bezirk der <strong>Euganeischen H\u00fcgel<\/strong> liegt s\u00fcdwestlich der <strong>Stadt Padua<\/strong> und hinter den T<strong>hermalorten Abano und Montegrotto<\/strong>.\u00a0 Die Produktionsgegend des Weines erstreckt sich auf dem landwirtschaftlichen Gebiet von <strong>15 Euganeischen Gemeinden<\/strong> und stimmt gr\u00f6\u00dften Teils mit der Abgrenzung zum <strong>Regionalpark der Euganeischen H\u00fcgel<\/strong> \u00fcberein, der 1989 gegr\u00fcndet wurde.<\/p>\n<\/div><\/section><\/p><\/div>\n<\/div><\/div><\/div><!-- close content main div --><\/div><\/div><div id='after_section_3'  class='main_color av_default_container_wrap container_wrap sidebar_right'  ><div class='container av-section-cont-open' ><div class='template-page content  av-content-small alpha units'><div class='post-entry post-entry-type-page post-entry-1500'><div class='entry-content-wrapper clearfix'>\n\n<style type=\"text\/css\" data-created_by=\"avia_inline_auto\" id=\"style-css-av-av_hr-0645478af54715b75905f78d46849be0\">\n#top .hr.hr-invisible.av-av_hr-0645478af54715b75905f78d46849be0{\nheight:50px;\n}\n<\/style>\n<div  class='hr av-av_hr-0645478af54715b75905f78d46849be0 hr-invisible  avia-builder-el-7  el_after_av_section  el_before_av_one_half  avia-builder-el-first '><span class='hr-inner '><span class=\"hr-inner-style\"><\/span><\/span><\/div>\n\n<style type=\"text\/css\" data-created_by=\"avia_inline_auto\" id=\"style-css-av-av_one_half-6126cab7d8fab8d08143dd2dacdf673c\">\n.flex_column.av-av_one_half-6126cab7d8fab8d08143dd2dacdf673c{\nborder-radius:0px 0px 0px 0px;\npadding:0px 0px 0px 0px;\n}\n<\/style>\n<div  class='flex_column av-av_one_half-6126cab7d8fab8d08143dd2dacdf673c av_one_half  avia-builder-el-8  el_after_av_hr  el_before_av_one_half  first flex_column_div av-zero-column-padding  '     ><p>\n<style type=\"text\/css\" data-created_by=\"avia_inline_auto\" id=\"style-css-av-av_heading-0d2ea18932a2bea5837226cc2cc4ce22\">\n#top .av-special-heading.av-av_heading-0d2ea18932a2bea5837226cc2cc4ce22{\npadding-bottom:16px;\n}\nbody .av-special-heading.av-av_heading-0d2ea18932a2bea5837226cc2cc4ce22 .av-special-heading-tag .heading-char{\nfont-size:25px;\n}\n.av-special-heading.av-av_heading-0d2ea18932a2bea5837226cc2cc4ce22 .av-subheading{\nfont-size:15px;\n}\n<\/style>\n<div  class='av-special-heading av-av_heading-0d2ea18932a2bea5837226cc2cc4ce22 av-special-heading-h2 blockquote modern-quote  avia-builder-el-9  el_before_av_image  avia-builder-el-first  m-top'><h2 class='av-special-heading-tag '  itemprop=\"headline\"  >ARQU\u00c0 PETRARCA<\/h2><div class=\"special-heading-border\"><div class=\"special-heading-inner-border\"><\/div><\/div><\/div><br \/>\n\n<style type=\"text\/css\" data-created_by=\"avia_inline_auto\" id=\"style-css-av-av_image-2e930c5e59e31be1b6d0559521014b41\">\n.avia-image-container.av-av_image-2e930c5e59e31be1b6d0559521014b41 img.avia_image{\nbox-shadow:none;\n}\n.avia-image-container.av-av_image-2e930c5e59e31be1b6d0559521014b41 .av-image-caption-overlay-center{\ncolor:#ffffff;\n}\n<\/style>\n<div  class='avia-image-container av-av_image-2e930c5e59e31be1b6d0559521014b41 av-styling- av-hover-grow avia_animated_image av-animated-when-visible-95 left-to-right avia-align-center  avia-builder-el-10  el_after_av_heading  el_before_av_textblock '   itemprop=\"image\" itemscope=\"itemscope\" itemtype=\"https:\/\/schema.org\/ImageObject\" ><div class=\"avia-image-container-inner\"><div class=\"avia-image-overlay-wrap\"><img decoding=\"async\" fetchpriority=\"high\" class='wp-image-784 avia-img-lazy-loading-not-784 avia_image ' src=\"https:\/\/www.viniborin.it\/wp-content\/uploads\/2017\/04\/territorio-arqua-1030x685.jpg\" alt='' title='territorio-arqua'  height=\"685\" width=\"1030\"  itemprop=\"thumbnailUrl\" srcset=\"https:\/\/www.viniborin.it\/wp-content\/uploads\/2017\/04\/territorio-arqua.jpg 1030w, https:\/\/www.viniborin.it\/wp-content\/uploads\/2017\/04\/territorio-arqua-315x210.jpg 315w, https:\/\/www.viniborin.it\/wp-content\/uploads\/2017\/04\/territorio-arqua-768x511.jpg 768w, https:\/\/www.viniborin.it\/wp-content\/uploads\/2017\/04\/territorio-arqua-705x469.jpg 705w, https:\/\/www.viniborin.it\/wp-content\/uploads\/2017\/04\/territorio-arqua-450x299.jpg 450w, https:\/\/www.viniborin.it\/wp-content\/uploads\/2017\/04\/territorio-arqua-300x200.jpg 300w\" sizes=\"(max-width: 1030px) 100vw, 1030px\" \/><\/div><\/div><\/div><br \/>\n<section  class='av_textblock_section av-av_textblock-283972ea15f2e73870c23e2d6de3245d '   itemscope=\"itemscope\" itemtype=\"https:\/\/schema.org\/CreativeWork\" ><div class='avia_textblock'  itemprop=\"text\" ><p><strong>Arqu\u00e0 Petrarca<\/strong> wurde im Jahre 1370, wegen der Sch\u00f6nheit seiner Landschaft von dem <strong>Dichter Francesco Petrarca<\/strong> zum Wohnsitz gew\u00e4hlt und gilt als eines der sch\u00f6nsten mittelalterlichen D\u00f6rfern. Es ist zweifelsohne\u00a0 das \u00e4lteste Weinzentrum der Euganeischen H\u00fcgel und auf den H\u00e4ngen seiner Berge wurden schon seit Urzeiten die autochthonen Weinreben <strong>Fior D\u2019Arancio und Serprino<\/strong> \u00a0angepflanzt.<\/p>\n<\/div><\/section><\/p><\/div>\n\n<style type=\"text\/css\" data-created_by=\"avia_inline_auto\" id=\"style-css-av-av_one_half-0aa7055fe62c3622faec82866afbaeb2\">\n.flex_column.av-av_one_half-0aa7055fe62c3622faec82866afbaeb2{\nborder-radius:0px 0px 0px 0px;\npadding:0px 0px 0px 0px;\n}\n<\/style>\n<div  class='flex_column av-av_one_half-0aa7055fe62c3622faec82866afbaeb2 av_one_half  avia-builder-el-12  el_after_av_one_half  el_before_av_hr  flex_column_div av-zero-column-padding  '     ><p>\n<style type=\"text\/css\" data-created_by=\"avia_inline_auto\" id=\"style-css-av-av_heading-f732a0c51c1fd91d62045f2d5070bc87\">\n#top .av-special-heading.av-av_heading-f732a0c51c1fd91d62045f2d5070bc87{\npadding-bottom:16px;\n}\nbody .av-special-heading.av-av_heading-f732a0c51c1fd91d62045f2d5070bc87 .av-special-heading-tag .heading-char{\nfont-size:25px;\n}\n.av-special-heading.av-av_heading-f732a0c51c1fd91d62045f2d5070bc87 .av-subheading{\nfont-size:15px;\n}\n<\/style>\n<div  class='av-special-heading av-av_heading-f732a0c51c1fd91d62045f2d5070bc87 av-special-heading-h2 blockquote modern-quote  avia-builder-el-13  el_before_av_image  avia-builder-el-first  m-top'><h2 class='av-special-heading-tag '  itemprop=\"headline\"  >MONSELICE<\/h2><div class=\"special-heading-border\"><div class=\"special-heading-inner-border\"><\/div><\/div><\/div><br \/>\n\n<style type=\"text\/css\" data-created_by=\"avia_inline_auto\" id=\"style-css-av-av_image-55c0a8aa11e234004f95b7ce145a6166\">\n.avia-image-container.av-av_image-55c0a8aa11e234004f95b7ce145a6166 img.avia_image{\nbox-shadow:none;\n}\n.avia-image-container.av-av_image-55c0a8aa11e234004f95b7ce145a6166 .av-image-caption-overlay-center{\ncolor:#ffffff;\n}\n<\/style>\n<div  class='avia-image-container av-av_image-55c0a8aa11e234004f95b7ce145a6166 av-styling- av-hover-grow avia_animated_image av-animated-when-visible-95 right-to-left avia-align-center  avia-builder-el-14  el_after_av_heading  el_before_av_textblock '   itemprop=\"image\" itemscope=\"itemscope\" itemtype=\"https:\/\/schema.org\/ImageObject\" ><div class=\"avia-image-container-inner\"><div class=\"avia-image-overlay-wrap\"><img decoding=\"async\" fetchpriority=\"high\" class='wp-image-785 avia-img-lazy-loading-not-785 avia_image ' src=\"https:\/\/www.viniborin.it\/wp-content\/uploads\/2017\/04\/territorio-monselice-1030x685.jpg\" alt='' title='territorio-monselice'  height=\"685\" width=\"1030\"  itemprop=\"thumbnailUrl\" srcset=\"https:\/\/www.viniborin.it\/wp-content\/uploads\/2017\/04\/territorio-monselice.jpg 1030w, https:\/\/www.viniborin.it\/wp-content\/uploads\/2017\/04\/territorio-monselice-315x210.jpg 315w, https:\/\/www.viniborin.it\/wp-content\/uploads\/2017\/04\/territorio-monselice-768x511.jpg 768w, https:\/\/www.viniborin.it\/wp-content\/uploads\/2017\/04\/territorio-monselice-705x469.jpg 705w, https:\/\/www.viniborin.it\/wp-content\/uploads\/2017\/04\/territorio-monselice-450x299.jpg 450w, https:\/\/www.viniborin.it\/wp-content\/uploads\/2017\/04\/territorio-monselice-300x200.jpg 300w\" sizes=\"(max-width: 1030px) 100vw, 1030px\" \/><\/div><\/div><\/div><br \/>\n<section  class='av_textblock_section av-av_textblock-283972ea15f2e73870c23e2d6de3245d '   itemscope=\"itemscope\" itemtype=\"https:\/\/schema.org\/CreativeWork\" ><div class='avia_textblock'  itemprop=\"text\" ><p><strong>Monselice<\/strong>, das antike Mons Silicea der r\u00f6mischen Epoche, befindet sich zwischen dem Colle della Rocca und den steilen H\u00e4ngen des Montericcio, der auch Montevignalesco genannt wird. Es geh\u00f6rt zu der Kategorie der<strong> ummauerten St\u00e4dte Venetiens<\/strong> und stellt mit <strong>Este und Montagnana<\/strong> eine unverzichtbare Route von grossem <strong>historischem, kulturellem sowie st\u00e4dtebaulichem Interesse<\/strong> dar.<\/p>\n<\/div><\/section><\/p><\/div>\n\n<style type=\"text\/css\" data-created_by=\"avia_inline_auto\" id=\"style-css-av-av_hr-4657e0bfeb0fb160df8e81642c1e8586\">\n#top .hr.hr-invisible.av-av_hr-4657e0bfeb0fb160df8e81642c1e8586{\nheight:120px;\n}\n<\/style>\n<div  class='hr av-av_hr-4657e0bfeb0fb160df8e81642c1e8586 hr-invisible  avia-builder-el-16  el_after_av_one_half  el_before_av_one_third '><span class='hr-inner '><span class=\"hr-inner-style\"><\/span><\/span><\/div>\n\n<style type=\"text\/css\" data-created_by=\"avia_inline_auto\" id=\"style-css-av-av_one_third-913b69f3812e747fe1d62d23c77a3025\">\n.flex_column.av-av_one_third-913b69f3812e747fe1d62d23c77a3025{\nborder-radius:0px 0px 0px 0px;\npadding:0px 0px 0px 0px;\n}\n<\/style>\n<div  class='flex_column av-av_one_third-913b69f3812e747fe1d62d23c77a3025 av_one_third  avia-builder-el-17  el_after_av_hr  el_before_av_one_third  MargineDxTrittico first no_margin flex_column_div av-zero-column-padding  '     ><style type=\"text\/css\" data-created_by=\"avia_inline_auto\" id=\"style-css-av-av_image-be8b51c69bdd74508424be4ad0ea4a47\">\n.avia-image-container.av-av_image-be8b51c69bdd74508424be4ad0ea4a47 img.avia_image{\nbox-shadow:none;\n}\n.avia-image-container.av-av_image-be8b51c69bdd74508424be4ad0ea4a47 .av-image-caption-overlay-center{\ncolor:#ffffff;\n}\n<\/style>\n<div  class='avia-image-container av-av_image-be8b51c69bdd74508424be4ad0ea4a47 av-styling-no-styling avia-align-center  avia-builder-el-18  avia-builder-el-no-sibling '   itemprop=\"image\" itemscope=\"itemscope\" itemtype=\"https:\/\/schema.org\/ImageObject\" ><div class=\"avia-image-container-inner\"><div class=\"avia-image-overlay-wrap\"><img decoding=\"async\" fetchpriority=\"high\" class='wp-image-845 avia-img-lazy-loading-not-845 avia_image ' src=\"https:\/\/www.viniborin.it\/wp-content\/uploads\/2017\/04\/territorio-1-1030x685.jpg\" alt='' title='territorio-1'  height=\"685\" width=\"1030\"  itemprop=\"thumbnailUrl\" srcset=\"https:\/\/www.viniborin.it\/wp-content\/uploads\/2017\/04\/territorio-1.jpg 1030w, https:\/\/www.viniborin.it\/wp-content\/uploads\/2017\/04\/territorio-1-315x210.jpg 315w, https:\/\/www.viniborin.it\/wp-content\/uploads\/2017\/04\/territorio-1-768x511.jpg 768w, https:\/\/www.viniborin.it\/wp-content\/uploads\/2017\/04\/territorio-1-705x469.jpg 705w, https:\/\/www.viniborin.it\/wp-content\/uploads\/2017\/04\/territorio-1-450x299.jpg 450w, https:\/\/www.viniborin.it\/wp-content\/uploads\/2017\/04\/territorio-1-300x200.jpg 300w\" sizes=\"(max-width: 1030px) 100vw, 1030px\" \/><\/div><\/div><\/div><\/div>\n\n<style type=\"text\/css\" data-created_by=\"avia_inline_auto\" id=\"style-css-av-av_one_third-97294a0479797e43f2d3828d15ccff70\">\n.flex_column.av-av_one_third-97294a0479797e43f2d3828d15ccff70{\nborder-radius:0px 0px 0px 0px;\npadding:0px 0px 0px 0px;\n}\n<\/style>\n<div  class='flex_column av-av_one_third-97294a0479797e43f2d3828d15ccff70 av_one_third  avia-builder-el-19  el_after_av_one_third  el_before_av_one_third  MargineDxTrittico no_margin flex_column_div av-zero-column-padding  '     ><style type=\"text\/css\" data-created_by=\"avia_inline_auto\" id=\"style-css-av-av_image-6a57e01a5c6d27ef6cddaa52f6eaea77\">\n.avia-image-container.av-av_image-6a57e01a5c6d27ef6cddaa52f6eaea77 img.avia_image{\nbox-shadow:none;\n}\n.avia-image-container.av-av_image-6a57e01a5c6d27ef6cddaa52f6eaea77 .av-image-caption-overlay-center{\ncolor:#ffffff;\n}\n<\/style>\n<div  class='avia-image-container av-av_image-6a57e01a5c6d27ef6cddaa52f6eaea77 av-styling-no-styling avia-align-center  avia-builder-el-20  avia-builder-el-no-sibling '   itemprop=\"image\" itemscope=\"itemscope\" itemtype=\"https:\/\/schema.org\/ImageObject\" ><div class=\"avia-image-container-inner\"><div class=\"avia-image-overlay-wrap\"><img decoding=\"async\" fetchpriority=\"high\" class='wp-image-844 avia-img-lazy-loading-not-844 avia_image ' src=\"https:\/\/www.viniborin.it\/wp-content\/uploads\/2017\/04\/territorio-3-1030x685.jpg\" alt='' title='territorio-3'  height=\"685\" width=\"1030\"  itemprop=\"thumbnailUrl\" srcset=\"https:\/\/www.viniborin.it\/wp-content\/uploads\/2017\/04\/territorio-3.jpg 1030w, https:\/\/www.viniborin.it\/wp-content\/uploads\/2017\/04\/territorio-3-315x210.jpg 315w, https:\/\/www.viniborin.it\/wp-content\/uploads\/2017\/04\/territorio-3-768x511.jpg 768w, https:\/\/www.viniborin.it\/wp-content\/uploads\/2017\/04\/territorio-3-705x469.jpg 705w, https:\/\/www.viniborin.it\/wp-content\/uploads\/2017\/04\/territorio-3-450x299.jpg 450w, https:\/\/www.viniborin.it\/wp-content\/uploads\/2017\/04\/territorio-3-300x200.jpg 300w\" sizes=\"(max-width: 1030px) 100vw, 1030px\" \/><\/div><\/div><\/div><\/div>\n\n<style type=\"text\/css\" data-created_by=\"avia_inline_auto\" id=\"style-css-av-av_one_third-97294a0479797e43f2d3828d15ccff70\">\n.flex_column.av-av_one_third-97294a0479797e43f2d3828d15ccff70{\nborder-radius:0px 0px 0px 0px;\npadding:0px 0px 0px 0px;\n}\n<\/style>\n<div  class='flex_column av-av_one_third-97294a0479797e43f2d3828d15ccff70 av_one_third  avia-builder-el-21  el_after_av_one_third  el_before_av_hr  MargineDxTrittico no_margin flex_column_div av-zero-column-padding  '     ><style type=\"text\/css\" data-created_by=\"avia_inline_auto\" id=\"style-css-av-av_image-a4e54f76a6313def401314b53b89787e\">\n.avia-image-container.av-av_image-a4e54f76a6313def401314b53b89787e img.avia_image{\nbox-shadow:none;\n}\n.avia-image-container.av-av_image-a4e54f76a6313def401314b53b89787e .av-image-caption-overlay-center{\ncolor:#ffffff;\n}\n<\/style>\n<div  class='avia-image-container av-av_image-a4e54f76a6313def401314b53b89787e av-styling-no-styling avia-align-center  avia-builder-el-22  avia-builder-el-no-sibling '   itemprop=\"image\" itemscope=\"itemscope\" itemtype=\"https:\/\/schema.org\/ImageObject\" ><div class=\"avia-image-container-inner\"><div class=\"avia-image-overlay-wrap\"><img decoding=\"async\" fetchpriority=\"high\" class='wp-image-843 avia-img-lazy-loading-not-843 avia_image ' src=\"https:\/\/www.viniborin.it\/wp-content\/uploads\/2017\/04\/territorio-2.jpg\" alt='' title='territorio-2'  height=\"685\" width=\"1030\"  itemprop=\"thumbnailUrl\" srcset=\"https:\/\/www.viniborin.it\/wp-content\/uploads\/2017\/04\/territorio-2.jpg 1030w, https:\/\/www.viniborin.it\/wp-content\/uploads\/2017\/04\/territorio-2-315x210.jpg 315w, https:\/\/www.viniborin.it\/wp-content\/uploads\/2017\/04\/territorio-2-768x511.jpg 768w, https:\/\/www.viniborin.it\/wp-content\/uploads\/2017\/04\/territorio-2-705x469.jpg 705w, https:\/\/www.viniborin.it\/wp-content\/uploads\/2017\/04\/territorio-2-450x299.jpg 450w, https:\/\/www.viniborin.it\/wp-content\/uploads\/2017\/04\/territorio-2-300x200.jpg 300w\" sizes=\"(max-width: 1030px) 100vw, 1030px\" \/><\/div><\/div><\/div><\/div>\n\n<style type=\"text\/css\" data-created_by=\"avia_inline_auto\" id=\"style-css-av-av_hr-6f10447ca5e6eba220d20c01af598157\">\n#top .hr.hr-invisible.av-av_hr-6f10447ca5e6eba220d20c01af598157{\nheight:15px;\n}\n<\/style>\n<div  class='hr av-av_hr-6f10447ca5e6eba220d20c01af598157 hr-invisible  avia-builder-el-23  el_after_av_one_third  el_before_av_button '><span class='hr-inner '><span class=\"hr-inner-style\"><\/span><\/span><\/div>\n<div  class='avia-button-wrap av-av_button-e62dc8b6b4337f2839756f4f1e038ff2-wrap avia-button-right  avia-builder-el-24  el_after_av_hr  el_before_av_hr '>\n<style type=\"text\/css\" data-created_by=\"avia_inline_auto\" id=\"style-css-av-av_button-e62dc8b6b4337f2839756f4f1e038ff2\">\n#top #wrap_all .avia-button.av-av_button-e62dc8b6b4337f2839756f4f1e038ff2{\nbackground-color:#6d142a;\nborder-color:#6d142a;\ncolor:#ffffff;\ntransition:all 0.4s ease-in-out;\n}\n#top #wrap_all .avia-button.av-av_button-e62dc8b6b4337f2839756f4f1e038ff2 .avia-svg-icon svg:first-child{\nfill:#ffffff;\nstroke:#ffffff;\n}\n<\/style>\n<a href='https:\/\/www.viniborin.it\/de\/gallery\/'  class='avia-button av-av_button-e62dc8b6b4337f2839756f4f1e038ff2 av-link-btn avia-icon_select-yes-right-icon avia-size-x-large avia-position-right'   aria-label=\"FOTOGALLERY\"><span class='avia_iconbox_title' >FOTOGALLERY<\/span><span class='avia_button_icon avia_button_icon_right avia-iconfont avia-font-entypo-fontello' data-av_icon='\ue881' data-av_iconfont='entypo-fontello' ><\/span><\/a><\/div>\n\n<style type=\"text\/css\" data-created_by=\"avia_inline_auto\" id=\"style-css-av-av_hr-0645478af54715b75905f78d46849be0\">\n#top .hr.hr-invisible.av-av_hr-0645478af54715b75905f78d46849be0{\nheight:50px;\n}\n<\/style>\n<div  class='hr av-av_hr-0645478af54715b75905f78d46849be0 hr-invisible  avia-builder-el-25  el_after_av_button  el_before_av_section  avia-builder-el-last '><span class='hr-inner '><span class=\"hr-inner-style\"><\/span><\/span><\/div>\n<\/div><\/div><\/div><!-- close content main div --><\/div><\/div><div id='av_section_4'  class='avia-section av-av_section-31b18968fdb96ead2773720a5395bd14 main_color avia-section-default avia-no-border-styling  avia-builder-el-26  el_after_av_hr  avia-builder-el-last  avia-bg-style-scroll container_wrap sidebar_right'  ><div class='container av-section-cont-open' ><div class='template-page content  av-content-small alpha units'><div class='post-entry post-entry-type-page post-entry-1500'><div class='entry-content-wrapper clearfix'><\/div><\/div><\/div><!-- close content main div --><\/div><\/div><div id='after_section_4'  class='main_color av_default_container_wrap container_wrap sidebar_right'  ><div class='container av-section-cont-open' ><div class='template-page content  av-content-small alpha units'><div class='post-entry post-entry-type-page post-entry-1500'><div class='entry-content-wrapper clearfix'>\n","protected":false},"excerpt":{"rendered":"<p>Der Bezirk der Euganeischen H\u00fcgel liegt s\u00fcdwestlich der Stadt Padua und hinter den Thermalorten Abano und Montegrotto.  Die Produktionsgegend des Weines erstreckt sich auf dem landwirtschaftlichen Gebiet von 15 Euganeischen Gemeinden und stimmt gr\u00f6\u00dften Teils mit der Abgrenzung zum Regionalpark der Euganeischen H\u00fcgel \u00fcberein, der 1989 gegr\u00fcndet wurde.<\/p>\n","protected":false},"author":1,"featured_media":0,"parent":0,"menu_order":0,"comment_status":"closed","ping_status":"closed","template":"","meta":{"_monsterinsights_skip_tracking":false,"_monsterinsights_sitenote_active":false,"_monsterinsights_sitenote_note":"","_monsterinsights_sitenote_category":0,"footnotes":""},"class_list":["post-1500","page","type-page","status-publish","hentry"],"_links":{"self":[{"href":"https:\/\/www.viniborin.it\/de\/wp-json\/wp\/v2\/pages\/1500","targetHints":{"allow":["GET"]}}],"collection":[{"href":"https:\/\/www.viniborin.it\/de\/wp-json\/wp\/v2\/pages"}],"about":[{"href":"https:\/\/www.viniborin.it\/de\/wp-json\/wp\/v2\/types\/page"}],"author":[{"embeddable":true,"href":"https:\/\/www.viniborin.it\/de\/wp-json\/wp\/v2\/users\/1"}],"replies":[{"embeddable":true,"href":"https:\/\/www.viniborin.it\/de\/wp-json\/wp\/v2\/comments?post=1500"}],"version-history":[{"count":0,"href":"https:\/\/www.viniborin.it\/de\/wp-json\/wp\/v2\/pages\/1500\/revisions"}],"wp:attachment":[{"href":"https:\/\/www.viniborin.it\/de\/wp-json\/wp\/v2\/media?parent=1500"}],"curies":[{"name":"wp","href":"https:\/\/api.w.org\/{rel}","templated":true}]}}