{"id":1490,"date":"2017-04-12T12:14:43","date_gmt":"2017-04-12T10:14:43","guid":{"rendered":"https:\/\/www.viniborin.it\/?page_id=1490\/"},"modified":"2023-11-13T11:43:12","modified_gmt":"2023-11-13T10:43:12","slug":"die-familie","status":"publish","type":"page","link":"https:\/\/www.viniborin.it\/de\/die-familie\/","title":{"rendered":"Familie"},"content":{"rendered":"\n<style type=\"text\/css\" data-created_by=\"avia_inline_auto\" id=\"style-css-av-a8t63-9dbc94b8251518356643a3c9252fe8f9\">\n.avia-section.av-a8t63-9dbc94b8251518356643a3c9252fe8f9{\nbackground-repeat:no-repeat;\nbackground-image:url(https:\/\/www.viniborin.it\/wp-content\/uploads\/2017\/04\/bg_famiglia.jpg);\nbackground-position:50% 50%;\nbackground-attachment:scroll;\n}\n<\/style>\n<div id='av_section_1'  class='avia-section av-a8t63-9dbc94b8251518356643a3c9252fe8f9 main_color avia-section-huge avia-no-border-styling  avia-builder-el-0  el_before_av_section  avia-builder-el-first  avia-full-stretch avia-bg-style-scroll av-minimum-height av-minimum-height-25 av-height-25  container_wrap sidebar_right'  data-section-bg-repeat='stretch' data-av_minimum_height_pc='25' data-av_min_height_opt='25'><div class='container av-section-cont-open' ><main  role=\"main\" itemprop=\"mainContentOfPage\"  class='template-page content  av-content-small alpha units'><div class='post-entry post-entry-type-page post-entry-1490'><div class='entry-content-wrapper clearfix'>\n<\/div><\/div><\/main><!-- close content main element --><\/div><\/div>\n<style type=\"text\/css\" data-created_by=\"avia_inline_auto\" id=\"style-css-av-lowq8ja4-53fb4d6615701e235b4349512847e732\">\n.avia-section.av-lowq8ja4-53fb4d6615701e235b4349512847e732 .av-extra-border-element .av-extra-border-inner{\nbackground-color:#ffffff;\n}\n<\/style>\n<div id='av_section_2'  class='avia-section av-lowq8ja4-53fb4d6615701e235b4349512847e732 main_color avia-section-default avia-no-border-styling  avia-builder-el-1  el_after_av_section  el_before_av_section  avia-bg-style-scroll av-arrow-down-section container_wrap sidebar_right'  ><div class='container av-section-cont-open' ><div class='template-page content  av-content-small alpha units'><div class='post-entry post-entry-type-page post-entry-1490'><div class='entry-content-wrapper clearfix'>\n\n<style type=\"text\/css\" data-created_by=\"avia_inline_auto\" id=\"style-css-av-2mh37f-670b29070fe72aa7667cb1804951876e\">\n#top .av-special-heading.av-2mh37f-670b29070fe72aa7667cb1804951876e{\npadding-bottom:0;\n}\nbody .av-special-heading.av-2mh37f-670b29070fe72aa7667cb1804951876e .av-special-heading-tag .heading-char{\nfont-size:25px;\n}\n.av-special-heading.av-2mh37f-670b29070fe72aa7667cb1804951876e .av-subheading{\nfont-size:15px;\n}\n<\/style>\n<div  class='av-special-heading av-2mh37f-670b29070fe72aa7667cb1804951876e av-special-heading-h1  avia-builder-el-2  avia-builder-el-no-sibling '><h1 class='av-special-heading-tag '  itemprop=\"headline\"  >DIE FAMILIE BORIN<\/h1><div class=\"special-heading-border\"><div class=\"special-heading-inner-border\"><\/div><\/div><\/div>\n\n<\/div><\/div><\/div><!-- close content main div --><\/div><div class='av-extra-border-element border-extra-arrow-down'><div class='av-extra-border-outer'><div class='av-extra-border-inner'><\/div><\/div><\/div><\/div>\n<style type=\"text\/css\" data-created_by=\"avia_inline_auto\" id=\"style-css-av-4bma9j-edbbef9e715dd8273c84ea6f65fa0ac5\">\n.avia-section.av-4bma9j-edbbef9e715dd8273c84ea6f65fa0ac5{\nbackground-color:#f4f4f4;\nbackground-image:unset;\n}\n<\/style>\n<div id='av_section_3'  class='avia-section av-4bma9j-edbbef9e715dd8273c84ea6f65fa0ac5 main_color avia-section-default avia-no-border-styling  avia-builder-el-3  el_after_av_section  el_before_av_hr  avia-bg-style-scroll container_wrap sidebar_right'  ><div class='container av-section-cont-open' ><div class='template-page content  av-content-small alpha units'><div class='post-entry post-entry-type-page post-entry-1490'><div class='entry-content-wrapper clearfix'>\n\n<style type=\"text\/css\" data-created_by=\"avia_inline_auto\" id=\"style-css-av-45kb1j-757705648ed1a0a08969cee91305c544\">\n.flex_column.av-45kb1j-757705648ed1a0a08969cee91305c544{\nborder-radius:0px 0px 0px 0px;\npadding:0px 0px 0px 0px;\n}\n<\/style>\n<div  class='flex_column av-45kb1j-757705648ed1a0a08969cee91305c544 av_one_full  avia-builder-el-4  avia-builder-el-no-sibling  first flex_column_div av-zero-column-padding  '     ><p>\n<style type=\"text\/css\" data-created_by=\"avia_inline_auto\" id=\"style-css-av-y9udf-c0cc1aea58728453a3dc61e3da60507a\">\n#top .av-special-heading.av-y9udf-c0cc1aea58728453a3dc61e3da60507a{\npadding-bottom:10px;\n}\nbody .av-special-heading.av-y9udf-c0cc1aea58728453a3dc61e3da60507a .av-special-heading-tag .heading-char{\nfont-size:25px;\n}\n.av-special-heading.av-y9udf-c0cc1aea58728453a3dc61e3da60507a .av-subheading{\nfont-size:15px;\n}\n<\/style>\n<div  class='av-special-heading av-y9udf-c0cc1aea58728453a3dc61e3da60507a av-special-heading-h2 blockquote modern-quote modern-centered  avia-builder-el-5  el_before_av_textblock  avia-builder-el-first  titoloDroind'><h2 class='av-special-heading-tag '  itemprop=\"headline\"  >WEINGUT BORIN <\/h2><div class=\"special-heading-border\"><div class=\"special-heading-inner-border\"><\/div><\/div><\/div><br \/>\n<section  class='av_textblock_section av-3xfz4f-66e4bf1e364878cee668b08b99432a0f '   itemscope=\"itemscope\" itemtype=\"https:\/\/schema.org\/CreativeWork\" ><div class='avia_textblock'  itemprop=\"text\" ><p style=\"text-align: center;\">Das <strong>Weingut Borin<\/strong> liegt zwischen den Gemeinden Monselice und Arqu\u00e0 Petrarca, im <strong>Regionalpark der Euganeischen H\u00fcgel<\/strong>.<br \/>\nVon den 38 Hektar des Anwesens sind etwa 26 Hektar mit Weinreben bepflanzt, die von herrlichen Oliven- und Mandelhainen in einer einzigartigen und manchmal fast mediterranen Umgebung umrahmt werden.<\/p>\n<\/div><\/section><\/p><\/div>\n<\/div><\/div><\/div><!-- close content main div --><\/div><\/div><div id='after_section_3'  class='main_color av_default_container_wrap container_wrap sidebar_right'  ><div class='container av-section-cont-open' ><div class='template-page content  av-content-small alpha units'><div class='post-entry post-entry-type-page post-entry-1490'><div class='entry-content-wrapper clearfix'>\n\n<style type=\"text\/css\" data-created_by=\"avia_inline_auto\" id=\"style-css-av-lowqlx7r-5a6f2f75565e3704e1e420f5b49fbe13\">\n#top .hr.hr-invisible.av-lowqlx7r-5a6f2f75565e3704e1e420f5b49fbe13{\nheight:20px;\n}\n<\/style>\n<div  class='hr av-lowqlx7r-5a6f2f75565e3704e1e420f5b49fbe13 hr-invisible  avia-builder-el-7  el_after_av_section  el_before_av_one_half  avia-builder-el-first '><span class='hr-inner '><span class=\"hr-inner-style\"><\/span><\/span><\/div>\n<div class='flex_column_table av-2asjjn-94ef38b0dad71eada2e5954f081991ce sc-av_one_half av-equal-height-column-flextable'>\n<style type=\"text\/css\" data-created_by=\"avia_inline_auto\" id=\"style-css-av-2asjjn-94ef38b0dad71eada2e5954f081991ce\">\n.flex_column.av-2asjjn-94ef38b0dad71eada2e5954f081991ce{\nborder-radius:0px 0px 0px 0px;\npadding:0px 0px 0px 0px;\n}\n<\/style>\n<div  class='flex_column av-2asjjn-94ef38b0dad71eada2e5954f081991ce av_one_half  avia-builder-el-8  el_after_av_hr  el_before_av_one_half  first flex_column_table_cell av-equal-height-column av-align-middle av-zero-column-padding  '     ><style type=\"text\/css\" data-created_by=\"avia_inline_auto\" id=\"style-css-av-21apzn-73e569ebde5eda41d1a672a5dcfe6f44\">\n.avia-image-container.av-21apzn-73e569ebde5eda41d1a672a5dcfe6f44 img.avia_image{\nbox-shadow:none;\n}\n.avia-image-container.av-21apzn-73e569ebde5eda41d1a672a5dcfe6f44 .av-image-caption-overlay-center{\ncolor:#ffffff;\n}\n<\/style>\n<div  class='avia-image-container av-21apzn-73e569ebde5eda41d1a672a5dcfe6f44 av-styling- av-hover-grow avia_animated_image av-animated-when-visible-95 top-to-bottom avia-align-center  avia-builder-el-9  avia-builder-el-no-sibling '   itemprop=\"image\" itemscope=\"itemscope\" itemtype=\"https:\/\/schema.org\/ImageObject\" ><div class=\"avia-image-container-inner\"><div class=\"avia-image-overlay-wrap\"><img decoding=\"async\" fetchpriority=\"high\" class='wp-image-3967 avia-img-lazy-loading-not-3967 avia_image ' src=\"https:\/\/www.viniborin.it\/wp-content\/uploads\/2023\/11\/famigliaborin_foto03.jpg\" alt='Borin Vini &amp; Vigne' title='famigliaborin_foto03'  height=\"786\" width=\"1181\"  itemprop=\"thumbnailUrl\" srcset=\"https:\/\/www.viniborin.it\/wp-content\/uploads\/2023\/11\/famigliaborin_foto03.jpg 1181w, https:\/\/www.viniborin.it\/wp-content\/uploads\/2023\/11\/famigliaborin_foto03-630x420.jpg 630w, https:\/\/www.viniborin.it\/wp-content\/uploads\/2023\/11\/famigliaborin_foto03-1030x686.jpg 1030w, https:\/\/www.viniborin.it\/wp-content\/uploads\/2023\/11\/famigliaborin_foto03-768x511.jpg 768w, https:\/\/www.viniborin.it\/wp-content\/uploads\/2023\/11\/famigliaborin_foto03-705x469.jpg 705w\" sizes=\"(max-width: 1181px) 100vw, 1181px\" \/><\/div><\/div><\/div><\/div><div class='av-flex-placeholder'><\/div>\n<style type=\"text\/css\" data-created_by=\"avia_inline_auto\" id=\"style-css-av-1w19rv-e7259f24f1d97e71dad74b82c4743e98\">\n.flex_column.av-1w19rv-e7259f24f1d97e71dad74b82c4743e98{\nborder-radius:0px 0px 0px 0px;\npadding:0px 0px 0px 0px;\n}\n<\/style>\n<div  class='flex_column av-1w19rv-e7259f24f1d97e71dad74b82c4743e98 av_one_half  avia-builder-el-10  el_after_av_one_half  el_before_av_hr  flex_column_table_cell av-equal-height-column av-align-middle av-zero-column-padding  '     ><section  class='av_textblock_section av-lowpxp83-a803d7701dda6672d2b89022652cd2ad '   itemscope=\"itemscope\" itemtype=\"https:\/\/schema.org\/CreativeWork\" ><div class='avia_textblock'  itemprop=\"text\" ><p>Die<strong> Familie Borin<\/strong> f\u00f6rdert mit ihren unternehmerischen Entscheidungen die Idee eines modernen landwirtschaftlichen Betriebs, der in der Region integriert ist. Die Bewirtschaftung der Weinberge sowie die landwirtschaftlichen Maschinen und Ger\u00e4te werden st\u00e4ndig angepasst und erneuert, um ein Pflanzenschutzprogramm f\u00fcr die Reben zu gew\u00e4hrleisten, mit geringeren Auswirkungen auf die Treibhausgasemissionen, die Bodenverdichtung sowie auf die Gesundheit der Betreiber und Verbraucher.<\/p>\n<p>Das Ergebnis ist eine nennenswerte Nachhaltigkeit, die auf drei Grundpfeilern beruht: Umwelt, Gesellschaft und Wirtschaft.<\/p>\n<\/div><\/section><\/div><\/div><!--close column table wrapper. Autoclose: 1 --><\/p>\n\n<style type=\"text\/css\" data-created_by=\"avia_inline_auto\" id=\"style-css-av-lowqp6f3-08cc4a5a324a6b3e6a8fb4d0bd343a53\">\n#top .hr.hr-invisible.av-lowqp6f3-08cc4a5a324a6b3e6a8fb4d0bd343a53{\nheight:50px;\n}\n<\/style>\n<div  class='hr av-lowqp6f3-08cc4a5a324a6b3e6a8fb4d0bd343a53 hr-invisible  avia-builder-el-12  el_after_av_one_half  el_before_av_section  avia-builder-el-last '><span class='hr-inner '><span class=\"hr-inner-style\"><\/span><\/span><\/div>\n<\/div><\/div><\/div><!-- close content main div --><\/div><\/div>\n<style type=\"text\/css\" data-created_by=\"avia_inline_auto\" id=\"style-css-av-lowqg0rk-7d673d407a6deacae6f7b7d06279ebb6\">\n.avia-section.av-lowqg0rk-7d673d407a6deacae6f7b7d06279ebb6{\nbackground-color:#f4f4f4;\nbackground-image:unset;\n}\n<\/style>\n<div id='av_section_4'  class='avia-section av-lowqg0rk-7d673d407a6deacae6f7b7d06279ebb6 main_color avia-section-default avia-no-border-styling  avia-builder-el-13  el_after_av_hr  el_before_av_hr  avia-bg-style-scroll container_wrap sidebar_right'  ><div class='container av-section-cont-open' ><div class='template-page content  av-content-small alpha units'><div class='post-entry post-entry-type-page post-entry-1490'><div class='entry-content-wrapper clearfix'>\n\n<style type=\"text\/css\" data-created_by=\"avia_inline_auto\" id=\"style-css-av-mnqob-5ddd77d4337969fc92a005ded8e025b3\">\n#top .hr.hr-invisible.av-mnqob-5ddd77d4337969fc92a005ded8e025b3{\nheight:10px;\n}\n<\/style>\n<div  class='hr av-mnqob-5ddd77d4337969fc92a005ded8e025b3 hr-invisible  avia-builder-el-14  el_before_av_one_half  avia-builder-el-first '><span class='hr-inner '><span class=\"hr-inner-style\"><\/span><\/span><\/div>\n<div class='flex_column_table av-lowqjrc1-96fd75adf4b0bc7e41d5024f04a16ffe sc-av_one_half av-equal-height-column-flextable'><div  class='flex_column av-lowqjrc1-96fd75adf4b0bc7e41d5024f04a16ffe av_one_half  avia-builder-el-15  el_after_av_hr  el_before_av_one_half  first flex_column_table_cell av-equal-height-column av-align-middle  '     ><style type=\"text\/css\" data-created_by=\"avia_inline_auto\" id=\"style-css-av-tclyz-03554f60183b6291eeaaa0d1c8718402\">\n.avia-image-container.av-tclyz-03554f60183b6291eeaaa0d1c8718402 img.avia_image{\nbox-shadow:none;\n}\n.avia-image-container.av-tclyz-03554f60183b6291eeaaa0d1c8718402 .av-image-caption-overlay-center{\ncolor:#ffffff;\n}\n<\/style>\n<div  class='avia-image-container av-tclyz-03554f60183b6291eeaaa0d1c8718402 av-styling- av-hover-grow avia_animated_image av-animated-when-visible-95 top-to-bottom avia-align-center  avia-builder-el-16  avia-builder-el-no-sibling '   itemprop=\"image\" itemscope=\"itemscope\" itemtype=\"https:\/\/schema.org\/ImageObject\" ><div class=\"avia-image-container-inner\"><div class=\"avia-image-overlay-wrap\"><img decoding=\"async\" fetchpriority=\"high\" class='wp-image-3944 avia-img-lazy-loading-not-3944 avia_image ' src=\"https:\/\/www.viniborin.it\/wp-content\/uploads\/2017\/04\/famiglia2-1030x685.jpg\" alt='' title='famiglia2'  height=\"685\" width=\"1030\"  itemprop=\"thumbnailUrl\" srcset=\"https:\/\/www.viniborin.it\/wp-content\/uploads\/2017\/04\/famiglia2.jpg 1030w, https:\/\/www.viniborin.it\/wp-content\/uploads\/2017\/04\/famiglia2-315x210.jpg 315w, https:\/\/www.viniborin.it\/wp-content\/uploads\/2017\/04\/famiglia2-768x511.jpg 768w, https:\/\/www.viniborin.it\/wp-content\/uploads\/2017\/04\/famiglia2-705x469.jpg 705w, https:\/\/www.viniborin.it\/wp-content\/uploads\/2017\/04\/famiglia2-450x299.jpg 450w, https:\/\/www.viniborin.it\/wp-content\/uploads\/2017\/04\/famiglia2-300x200.jpg 300w\" sizes=\"(max-width: 1030px) 100vw, 1030px\" \/><\/div><\/div><\/div><\/div><div class='av-flex-placeholder'><\/div><div  class='flex_column av-ep5jn-6033146eba161add965b9d36cbcd6339 av_one_half  avia-builder-el-17  el_after_av_one_half  el_before_av_one_full  flex_column_table_cell av-equal-height-column av-align-middle  '     ><p>\n<style type=\"text\/css\" data-created_by=\"avia_inline_auto\" id=\"style-css-av-40wb7b-5315e317949d120ab1fa3d03d95d33d3\">\n#top .av-special-heading.av-40wb7b-5315e317949d120ab1fa3d03d95d33d3{\npadding-bottom:10px;\n}\nbody .av-special-heading.av-40wb7b-5315e317949d120ab1fa3d03d95d33d3 .av-special-heading-tag .heading-char{\nfont-size:25px;\n}\n.av-special-heading.av-40wb7b-5315e317949d120ab1fa3d03d95d33d3 .av-subheading{\nfont-size:15px;\n}\n<\/style>\n<div  class='av-special-heading av-40wb7b-5315e317949d120ab1fa3d03d95d33d3 av-special-heading-h2 blockquote modern-quote  avia-builder-el-18  el_before_av_textblock  avia-builder-el-first  titoloDroind'><h2 class='av-special-heading-tag '  itemprop=\"headline\"  >DER WEIN UND DIE FAMILIE BORIN<\/h2><div class=\"special-heading-border\"><div class=\"special-heading-inner-border\"><\/div><\/div><\/div><br \/>\n<section  class='av_textblock_section av-lowqgfxe-45e137f30d238c362d19ee9159feac1d '   itemscope=\"itemscope\" itemtype=\"https:\/\/schema.org\/CreativeWork\" ><div class='avia_textblock'  itemprop=\"text\" ><p>Das Abenteuer der <strong>Familie Borin<\/strong>, junge Landwirte in Monticelli, begann in den 1950er Jahren, und ab 1963 widmeten sie sich dem spezialisierten Weinbau, indem sie ein gro\u00dfes Weingut und dessen Keller renovieren. In den 1970er und 1980er Jahren wurden neue Weinberge angelegt und einige Neuerungen in der Weinbautechnik eingef\u00fchrt.<\/p>\n<p>1986 wurde ein Weinberg angelegt, der ausschlie\u00dflich der Rebsorte Cabernet Sauvignon gewidmet ist, die seit jeher in den Euganeischen H\u00fcgeln vorkommt, aber noch nicht in ihrer Reinheit hervorgehoben wurde; einige Jahre sp\u00e4ter wurden die ersten gro\u00dfen Rotweine abgef\u00fcllt, und in Barriques ausgebaut.<\/p>\n<\/div><\/section><\/p><\/div><\/div><!--close column table wrapper. Autoclose: 1 --><div  class='flex_column av-92ud7-2ae339e4b63f655b6ac7184d645ac1fc av_one_full  avia-builder-el-20  el_after_av_one_half  avia-builder-el-last  first flex_column_div  column-top-margin'     ><section  class='av_textblock_section av-lowqgogo-928bd749a246d02dcc51135598377845 '   itemscope=\"itemscope\" itemtype=\"https:\/\/schema.org\/CreativeWork\" ><div class='avia_textblock'  itemprop=\"text\" ><p>Anfang der 1990er Jahre wurde dank des grundlegenden Beitrags des promovierten <strong>Agronomen Gianni Borin<\/strong> ein traditioneller Wein der Euganeischen H\u00fcgel wiederentdeckt: der \u201cFior d\u2019Arancio\u201d.<br \/>\nSeit 2004 verleiht <strong>Francesco<\/strong>, nach seinem \u00d6nologiestudium und einer Ausbildung in Neuseeland, den Wei\u00dfweinen neuen Schwung und Pers\u00f6nlichkeit, indem er ihnen bisher unbekannte aromatische Ausdrucksformen verleiht.<\/p>\n<p><strong>Gianpaolo<\/strong> hingegen ist f\u00fcr Marketing und Kommunikation zust\u00e4ndig. Zusammen mit <strong>Teresa<\/strong> machen sie die Kellerei zu einem grundlegenden Instrument f\u00fcr die Verbreitung und Kultur des bewussten Trinkens.<br \/>\nHeute ist die Weinkellerei Borin ein Ort in dem sich die Tradition mit der Forschung vereinigt und wo die Leidenschaft f\u00fcr die Umgebung die Grundlage f\u00fcr eine langes und geduldiges Engagement bildet, das zu jeder Jahreszeit erneuert wird.<\/p>\n<\/div><\/section><\/div><\/div><\/div><\/div><!-- close content main div --><\/div><\/div><div id='after_section_4'  class='main_color av_default_container_wrap container_wrap sidebar_right'  ><div class='container av-section-cont-open' ><div class='template-page content  av-content-small alpha units'><div class='post-entry post-entry-type-page post-entry-1490'><div class='entry-content-wrapper clearfix'>\n<style type=\"text\/css\" data-created_by=\"avia_inline_auto\" id=\"style-css-av-1k7qbv-59ff706ef0ddd94106e6c445e107cafc\">\n#top .hr.hr-invisible.av-1k7qbv-59ff706ef0ddd94106e6c445e107cafc{\nheight:60px;\n}\n<\/style>\n<div  class='hr av-1k7qbv-59ff706ef0ddd94106e6c445e107cafc hr-invisible  avia-builder-el-22  el_after_av_section  el_before_av_one_full  avia-builder-el-first '><span class='hr-inner '><span class=\"hr-inner-style\"><\/span><\/span><\/div><\/p>\n\n<style type=\"text\/css\" data-created_by=\"avia_inline_auto\" id=\"style-css-av-58wbf-4f3ecbbc64b5e0d919e7137bc6db0c02\">\n.flex_column.av-58wbf-4f3ecbbc64b5e0d919e7137bc6db0c02{\nborder-radius:0px 0px 0px 0px;\npadding:0px 0px 0px 0px;\n}\n<\/style>\n<div  class='flex_column av-58wbf-4f3ecbbc64b5e0d919e7137bc6db0c02 av_one_full  avia-builder-el-23  el_after_av_hr  el_before_av_hr  first flex_column_div av-zero-column-padding  '     ><p>\n<style type=\"text\/css\" data-created_by=\"avia_inline_auto\" id=\"style-css-av-17mxej-a1a210e1b7e0b783598a24718aac6398\">\n.avia-image-container.av-17mxej-a1a210e1b7e0b783598a24718aac6398 img.avia_image{\nbox-shadow:none;\n}\n.avia-image-container.av-17mxej-a1a210e1b7e0b783598a24718aac6398 .av-image-caption-overlay-center{\ncolor:#ffffff;\n}\n<\/style>\n<div  class='avia-image-container av-17mxej-a1a210e1b7e0b783598a24718aac6398 av-styling-no-styling avia-align-center  avia-builder-el-24  el_before_av_image  avia-builder-el-first  m-bottom5'   itemprop=\"image\" itemscope=\"itemscope\" itemtype=\"https:\/\/schema.org\/ImageObject\" ><div class=\"avia-image-container-inner\"><div class=\"avia-image-overlay-wrap\"><img decoding=\"async\" fetchpriority=\"high\" class='wp-image-3945 avia-img-lazy-loading-not-3945 avia_image ' src=\"https:\/\/www.viniborin.it\/wp-content\/uploads\/2017\/04\/famiglia_coppia1.jpg\" alt='' title='famiglia_coppia1'  height=\"200\" width=\"1200\"  itemprop=\"thumbnailUrl\" srcset=\"https:\/\/www.viniborin.it\/wp-content\/uploads\/2017\/04\/famiglia_coppia1.jpg 1200w, https:\/\/www.viniborin.it\/wp-content\/uploads\/2017\/04\/famiglia_coppia1-315x53.jpg 315w, https:\/\/www.viniborin.it\/wp-content\/uploads\/2017\/04\/famiglia_coppia1-768x128.jpg 768w, https:\/\/www.viniborin.it\/wp-content\/uploads\/2017\/04\/famiglia_coppia1-1030x172.jpg 1030w, https:\/\/www.viniborin.it\/wp-content\/uploads\/2017\/04\/famiglia_coppia1-705x118.jpg 705w, https:\/\/www.viniborin.it\/wp-content\/uploads\/2017\/04\/famiglia_coppia1-450x75.jpg 450w, https:\/\/www.viniborin.it\/wp-content\/uploads\/2017\/04\/famiglia_coppia1-300x50.jpg 300w\" sizes=\"(max-width: 1200px) 100vw, 1200px\" \/><\/div><\/div><\/div><br \/>\n\n<style type=\"text\/css\" data-created_by=\"avia_inline_auto\" id=\"style-css-av-3rvd7-e0dba615636c0c4f3a87ddd99a208371\">\n.avia-image-container.av-3rvd7-e0dba615636c0c4f3a87ddd99a208371 img.avia_image{\nbox-shadow:none;\n}\n.avia-image-container.av-3rvd7-e0dba615636c0c4f3a87ddd99a208371 .av-image-caption-overlay-center{\ncolor:#ffffff;\n}\n<\/style>\n<div  class='avia-image-container av-3rvd7-e0dba615636c0c4f3a87ddd99a208371 av-styling-no-styling avia-align-center  avia-builder-el-25  el_after_av_image  el_before_av_button '   itemprop=\"image\" itemscope=\"itemscope\" itemtype=\"https:\/\/schema.org\/ImageObject\" ><div class=\"avia-image-container-inner\"><div class=\"avia-image-overlay-wrap\"><img decoding=\"async\" fetchpriority=\"high\" class='wp-image-3946 avia-img-lazy-loading-not-3946 avia_image ' src=\"https:\/\/www.viniborin.it\/wp-content\/uploads\/2017\/04\/famiglia_coppia2.jpg\" alt='' title='famiglia_coppia2'  height=\"200\" width=\"1200\"  itemprop=\"thumbnailUrl\" srcset=\"https:\/\/www.viniborin.it\/wp-content\/uploads\/2017\/04\/famiglia_coppia2.jpg 1200w, https:\/\/www.viniborin.it\/wp-content\/uploads\/2017\/04\/famiglia_coppia2-315x53.jpg 315w, https:\/\/www.viniborin.it\/wp-content\/uploads\/2017\/04\/famiglia_coppia2-768x128.jpg 768w, https:\/\/www.viniborin.it\/wp-content\/uploads\/2017\/04\/famiglia_coppia2-1030x172.jpg 1030w, https:\/\/www.viniborin.it\/wp-content\/uploads\/2017\/04\/famiglia_coppia2-705x118.jpg 705w, https:\/\/www.viniborin.it\/wp-content\/uploads\/2017\/04\/famiglia_coppia2-450x75.jpg 450w, https:\/\/www.viniborin.it\/wp-content\/uploads\/2017\/04\/famiglia_coppia2-300x50.jpg 300w\" sizes=\"(max-width: 1200px) 100vw, 1200px\" \/><\/div><\/div><\/div><br \/>\n<div  class='avia-button-wrap av-w3zwj-b2ae4bba06ae61c9167163863d5800e4-wrap avia-button-right  avia-builder-el-26  el_after_av_image  avia-builder-el-last '>\n<style type=\"text\/css\" data-created_by=\"avia_inline_auto\" id=\"style-css-av-w3zwj-b2ae4bba06ae61c9167163863d5800e4\">\n#top #wrap_all .avia-button.av-w3zwj-b2ae4bba06ae61c9167163863d5800e4{\nbackground-color:#6d142a;\nborder-color:#6d142a;\ncolor:#ffffff;\ntransition:all 0.4s ease-in-out;\n}\n#top #wrap_all .avia-button.av-w3zwj-b2ae4bba06ae61c9167163863d5800e4 .avia-svg-icon svg:first-child{\nfill:#ffffff;\nstroke:#ffffff;\n}\n<\/style>\n<a href='https:\/\/www.viniborin.it\/de\/gallery\/'  class='avia-button av-w3zwj-b2ae4bba06ae61c9167163863d5800e4 av-link-btn avia-icon_select-yes-right-icon avia-size-x-large avia-position-right'   aria-label=\"PHOTOGALLERY\"><span class='avia_iconbox_title' >PHOTOGALLERY<\/span><span class='avia_button_icon avia_button_icon_right avia-iconfont avia-font-entypo-fontello' data-av_icon='\ue881' data-av_iconfont='entypo-fontello' ><\/span><\/a><\/div><\/p><\/div>\n\n<style type=\"text\/css\" data-created_by=\"avia_inline_auto\" id=\"style-css-av-ps477-4d8cd74d542af9842f68d01fd9cd1b85\">\n#top .hr.hr-invisible.av-ps477-4d8cd74d542af9842f68d01fd9cd1b85{\nheight:50px;\n}\n<\/style>\n<div  class='hr av-ps477-4d8cd74d542af9842f68d01fd9cd1b85 hr-invisible  avia-builder-el-27  el_after_av_one_full  el_before_av_section  avia-builder-el-last '><span class='hr-inner '><span class=\"hr-inner-style\"><\/span><\/span><\/div>\n<\/div><\/div><\/div><!-- close content main div --><\/div><\/div><div id='av_section_5'  class='avia-section av-kd6gb-f55add0f3fd211bcbe26101976495fd3 main_color avia-section-no-padding avia-no-border-styling  avia-builder-el-28  el_after_av_hr  el_before_av_section  avia-bg-style-scroll container_wrap sidebar_right'  ><div class='container av-section-cont-open' ><div class='template-page content  av-content-small alpha units'><div class='post-entry post-entry-type-page post-entry-1490'><div class='entry-content-wrapper clearfix'>\n<article  class='iconbox iconbox_top av-h582j-cb8716107db89ff4d40c077a45a3aa2d  avia-builder-el-29  avia-builder-el-no-sibling  main_color'  itemscope=\"itemscope\" itemtype=\"https:\/\/schema.org\/CreativeWork\" ><div class=\"iconbox_content\"><header class=\"entry-content-header\" aria-label=\"Icon: DER EMPFANG\"><div class='iconbox_icon heading-color avia-iconfont avia-font-entypo-fontello' data-av_icon='\ue81e' data-av_iconfont='entypo-fontello'  ><\/div><h3 class='iconbox_content_title '  itemprop=\"headline\" >DER EMPFANG<\/h3><\/header><div class='iconbox_content_container '  itemprop=\"text\" ><p style=\"text-align: center;\"><span style=\"color: #000000;\"><a style=\"color: #000000;\" href=\"..\/de\/der-empfang\/\">Die Gastfreundschaft in unserer Weinkellerei und die \u00d6ffnungszeiten \u00bb<\/a><\/span><\/p>\n<\/div><\/div><footer class=\"entry-footer\"><\/footer><\/article>\n\n<\/div><\/div><\/div><!-- close content main div --><\/div><\/div><div id='av_section_6'  class='avia-section av-a1ac3-2d25e42b9dc2bcb535fcaf788e87a676 main_color avia-section-default avia-no-border-styling  avia-builder-el-30  el_after_av_section  avia-builder-el-last  avia-bg-style-scroll container_wrap sidebar_right'  ><div class='container av-section-cont-open' ><div class='template-page content  av-content-small alpha units'><div class='post-entry post-entry-type-page post-entry-1490'><div class='entry-content-wrapper clearfix'><\/div><\/div><\/div><!-- close content main div --><\/div><\/div><div id='after_section_6'  class='main_color av_default_container_wrap container_wrap sidebar_right'  ><div class='container av-section-cont-open' ><div class='template-page content  av-content-small alpha units'><div class='post-entry post-entry-type-page post-entry-1490'><div class='entry-content-wrapper clearfix'>\n","protected":false},"excerpt":{"rendered":"","protected":false},"author":1,"featured_media":0,"parent":0,"menu_order":0,"comment_status":"closed","ping_status":"closed","template":"","meta":{"_monsterinsights_skip_tracking":false,"_monsterinsights_sitenote_active":false,"_monsterinsights_sitenote_note":"","_monsterinsights_sitenote_category":0,"footnotes":""},"class_list":["post-1490","page","type-page","status-publish","hentry"],"_links":{"self":[{"href":"https:\/\/www.viniborin.it\/de\/wp-json\/wp\/v2\/pages\/1490","targetHints":{"allow":["GET"]}}],"collection":[{"href":"https:\/\/www.viniborin.it\/de\/wp-json\/wp\/v2\/pages"}],"about":[{"href":"https:\/\/www.viniborin.it\/de\/wp-json\/wp\/v2\/types\/page"}],"author":[{"embeddable":true,"href":"https:\/\/www.viniborin.it\/de\/wp-json\/wp\/v2\/users\/1"}],"replies":[{"embeddable":true,"href":"https:\/\/www.viniborin.it\/de\/wp-json\/wp\/v2\/comments?post=1490"}],"version-history":[{"count":4,"href":"https:\/\/www.viniborin.it\/de\/wp-json\/wp\/v2\/pages\/1490\/revisions"}],"predecessor-version":[{"id":3940,"href":"https:\/\/www.viniborin.it\/de\/wp-json\/wp\/v2\/pages\/1490\/revisions\/3940"}],"wp:attachment":[{"href":"https:\/\/www.viniborin.it\/de\/wp-json\/wp\/v2\/media?parent=1490"}],"curies":[{"name":"wp","href":"https:\/\/api.w.org\/{rel}","templated":true}]}}